{"id":1906,"date":"2022-06-21T12:02:43","date_gmt":"2022-06-21T04:02:43","guid":{"rendered":"http:\/\/www.joytelecom.hk\/?post_type=product&#038;p=1906"},"modified":"2024-08-07T03:29:56","modified_gmt":"2024-08-07T01:29:56","slug":"usa","status":"publish","type":"product","link":"https:\/\/www.joytel.eu\/en\/product\/usa\/","title":{"rendered":"JOYTEL USA\/CANADA"},"content":{"rendered":"<p><strong>Basic information<\/strong><\/p>\n<p><strong>\u00c1reas de Cobertura:<\/strong> Estados Unidos, Canad\u00e1<br \/>\n<strong>Paquete:<\/strong> 1GB\/2GB\/3GB de datos de alta velocidad por d\u00eda (luego velocidad m\u00e1xima de 128kbps)<br \/>\n<strong>Funciones de Llamadas\/SMS:<\/strong> No incluye llamadas ni mensajes de texto.<br \/>\n<strong>Operadores de Red:<\/strong><\/p>\n<ul>\n<li>Estados Unidos: AT&amp;T<\/li>\n<li>Canad\u00e1: Bell, Telus<br \/>\n<strong>Tipo de SIM:<\/strong> Nano, Micro, Normal SIM (3 en 1) (compatible con todos los modelos de tel\u00e9fonos)<br \/>\n<strong>Modelos Compatibles:<\/strong> Dispositivos que soporten GSM (2G), WCDMA (3G), y FDD (4G).<br \/>\n<strong>M\u00e9todo de Activaci\u00f3n:<\/strong> Activaci\u00f3n autom\u00e1tica al insertar la tarjeta. El primer d\u00eda se cuenta desde el d\u00eda de inserci\u00f3n, y el tiempo se calcula seg\u00fan el horario de la zona horaria GMT+8. No insertar la tarjeta en \u00e1reas no cubiertas.<br \/>\n<strong>Sobre Recargas:<\/strong> Puede recargar dentro de los 180 d\u00edas posteriores al final del paquete, con soporte para renovaci\u00f3n de datos de alta velocidad y d\u00edas en varios pa\u00edses el mismo d\u00eda.<\/li>\n<\/ul>\n<p><strong>Settings<\/strong><br \/>\nAl llegar al destino, inserte la tarjeta y encienda el dispositivo. Active <strong>Datos M\u00f3viles<\/strong> y <strong>Roaming de Datos<\/strong>.<br \/>\nSi no puede conectar, configure el APN como <strong>internet<\/strong> y deje los dem\u00e1s campos en blanco.<br \/>\nPara tel\u00e9fonos de doble SIM, coloque la tarjeta en la ranura que soporte WCDMA, generalmente la ranura 1, y no inserte la tarjeta en la ranura 2.<\/p>\n<p><strong>Terms &amp; Conditions<\/strong><\/p>\n<ul>\n<li>Please keep the complete SIM card board for future inquiries.<\/li>\n<li>Unused traffic within the validity period of the package will be invalidated.<\/li>\n<li>The actual connection speed is affected by various factors, such as the user's location relative to the transmitting station, web server resources and Internet traffic status, the number of users, the maximum network support speed of mobile Internet devices, computer hardware, software and other factors.<\/li>\n<li>JOYTEL reserves the right of final interpretation<\/li>\n<\/ul>","protected":false},"excerpt":{"rendered":"<p>Activated Upon Plup-In<br \/>\nop-Up Days or Top-Up Volumes are both supported for iPhone spanning multiple areas all over the world.<br \/>\n<strong>Top-Up is only available for 180 days upon activation.<\/strong><\/p>","protected":false},"featured_media":1913,"template":"","meta":{"site-sidebar-layout":"default","site-content-layout":"default","ast-site-content-layout":"default","site-content-style":"default","site-sidebar-style":"default","ast-global-header-display":"","ast-banner-title-visibility":"","ast-main-header-display":"","ast-hfb-above-header-display":"","ast-hfb-below-header-display":"","ast-hfb-mobile-header-display":"","site-post-title":"","ast-breadcrumbs-content":"","ast-featured-img":"","footer-sml-layout":"","theme-transparent-header-meta":"disabled","adv-header-id-meta":"","stick-header-meta":"","header-above-stick-meta":"","header-main-stick-meta":"","header-below-stick-meta":"","astra-migrate-meta-layouts":"set","ast-page-background-enabled":"default","ast-page-background-meta":{"desktop":{"background-color":"","background-image":"","background-repeat":"repeat","background-position":"center center","background-size":"auto","background-attachment":"scroll","background-type":"","background-media":"","overlay-type":"","overlay-color":"","overlay-opacity":"","overlay-gradient":""},"tablet":{"background-color":"","background-image":"","background-repeat":"repeat","background-position":"center center","background-size":"auto","background-attachment":"scroll","background-type":"","background-media":"","overlay-type":"","overlay-color":"","overlay-opacity":"","overlay-gradient":""},"mobile":{"background-color":"","background-image":"","background-repeat":"repeat","background-position":"center center","background-size":"auto","background-attachment":"scroll","background-type":"","background-media":"","overlay-type":"","overlay-color":"","overlay-opacity":"","overlay-gradient":""}},"ast-content-background-meta":{"desktop":{"background-color":"var(--ast-global-color-5)","background-image":"","background-repeat":"repeat","background-position":"center center","background-size":"auto","background-attachment":"scroll","background-type":"","background-media":"","overlay-type":"","overlay-color":"","overlay-opacity":"","overlay-gradient":""},"tablet":{"background-color":"var(--ast-global-color-5)","background-image":"","background-repeat":"repeat","background-position":"center center","background-size":"auto","background-attachment":"scroll","background-type":"","background-media":"","overlay-type":"","overlay-color":"","overlay-opacity":"","overlay-gradient":""},"mobile":{"background-color":"var(--ast-global-color-5)","background-image":"","background-repeat":"repeat","background-position":"center center","background-size":"auto","background-attachment":"scroll","background-type":"","background-media":"","overlay-type":"","overlay-color":"","overlay-opacity":"","overlay-gradient":""}}},"product_cat":[54,46],"product_tag":[],"class_list":{"0":"post-1906","1":"product","2":"type-product","3":"status-publish","4":"has-post-thumbnail","6":"product_cat-canada","7":"product_cat-usa","8":"desktop-align-left","9":"tablet-align-left","10":"mobile-align-left","12":"first","13":"instock","14":"taxable","15":"shipping-taxable","16":"purchasable","17":"product-type-simple"},"_links":{"self":[{"href":"https:\/\/www.joytel.eu\/en\/wp-json\/wp\/v2\/product\/1906","targetHints":{"allow":["GET"]}}],"collection":[{"href":"https:\/\/www.joytel.eu\/en\/wp-json\/wp\/v2\/product"}],"about":[{"href":"https:\/\/www.joytel.eu\/en\/wp-json\/wp\/v2\/types\/product"}],"wp:featuredmedia":[{"embeddable":true,"href":"https:\/\/www.joytel.eu\/en\/wp-json\/wp\/v2\/media\/1913"}],"wp:attachment":[{"href":"https:\/\/www.joytel.eu\/en\/wp-json\/wp\/v2\/media?parent=1906"}],"wp:term":[{"taxonomy":"product_cat","embeddable":true,"href":"https:\/\/www.joytel.eu\/en\/wp-json\/wp\/v2\/product_cat?post=1906"},{"taxonomy":"product_tag","embeddable":true,"href":"https:\/\/www.joytel.eu\/en\/wp-json\/wp\/v2\/product_tag?post=1906"}],"curies":[{"name":"wp","href":"https:\/\/api.w.org\/{rel}","templated":true}]}}